{"id":267,"date":"2024-09-12T15:24:21","date_gmt":"2024-09-12T15:24:21","guid":{"rendered":"https:\/\/suspicious-lederberg.195-242-103-108.plesk.page\/?page_id=267"},"modified":"2024-11-15T10:05:35","modified_gmt":"2024-11-15T10:05:35","slug":"kuhna-stiftung","status":"publish","type":"page","link":"https:\/\/kuhna-stiftung.org\/index.php\/kuhna-stiftung\/","title":{"rendered":"KUHNA-Stiftung"},"content":{"rendered":"\n<p>Gegr\u00fcndet 2019 mit dem Ziel die Fortwirkung des Werkes des 2018 verstorbenen K\u00fcnstlers Hermann-Josef Kuhna, sowie in seinem Interesse die Kunst und insbesondere junge K\u00fcnstler zu f\u00f6rdern. <br>Dies war Kuhna selbst lebenslang ein vordringliches Anliegen, welches er nicht zuletzt als Kunstprofessor an der Kunstakademie M\u00fcnster jahrzehntelang vermittelt hatte.\u2028\u2028<\/p>\n\n\n\n<h3 class=\"wp-block-heading\"><br>Stiftungsdetails (<a href=\"https:\/\/www.im.nrw\/kuhna-stiftung\" target=\"_blank\" rel=\"noreferrer noopener\">https:\/\/www.im.nrw\/kuhna-stiftung<\/a>)<\/h3>\n\n\n\n<p>Aktenzeichen: 1999<br>Regierungsbezirk: D\u00fcsseldorf<br>Sitz: D\u00fcsseldorf<br>Kontakt (c\/o): Atelier Hugo Boguslawski<br>Stra\u00dfe: Atelierhaus Walzwerkstra\u00dfe \/ Eingang Stephanstra\u00dfe 10<br>PLZ: 40599<br>Ort: D\u00fcsseldorf<br>Stiftungsart: Gemeinn\u00fctzig<br>Stiftungstyp: Allgemein<br>Stiftungszweck: Kunst und Kultur &#8211; allgemein<br>Anerkennungsdatum: 18.11.2019<br>Vertretung:<br>Vorstand: Hugo Boguslawski -Vorsitzender- (Gemeinschaftsberechtigung &#8211; beachte \u00a7 10 Abs. 3 StiftG NRW ! &#8211; )<br>Harry Hinkel (Gemeinschaftsberechtigung &#8211; beachte \u00a7 10 Abs. 3 StiftG NRW ! &#8211; )<\/p>\n\n\n\n<p><\/p>\n","protected":false},"excerpt":{"rendered":"<p>Gegr\u00fcndet 2019 mit dem Ziel die Fortwirkung des Werkes des 2018 verstorbenen K\u00fcnstlers Hermann-Josef Kuhna, sowie in seinem Interesse die Kunst und insbesondere junge K\u00fcnstler zu f\u00f6rdern. Dies war Kuhna selbst lebenslang ein vordringliches Anliegen, welches er nicht zuletzt als &hellip;<\/p>\n<p class=\"read-more\"> <a class=\"more-link\" href=\"https:\/\/kuhna-stiftung.org\/index.php\/kuhna-stiftung\/\"> <span class=\"screen-reader-text\">KUHNA-Stiftung<\/span> Weiterlesen &raquo;<\/a><\/p>\n","protected":false},"author":1,"featured_media":0,"parent":0,"menu_order":0,"comment_status":"closed","ping_status":"closed","template":"","meta":{"footnotes":""},"class_list":["post-267","page","type-page","status-publish","hentry"],"_links":{"self":[{"href":"https:\/\/kuhna-stiftung.org\/index.php\/wp-json\/wp\/v2\/pages\/267","targetHints":{"allow":["GET"]}}],"collection":[{"href":"https:\/\/kuhna-stiftung.org\/index.php\/wp-json\/wp\/v2\/pages"}],"about":[{"href":"https:\/\/kuhna-stiftung.org\/index.php\/wp-json\/wp\/v2\/types\/page"}],"author":[{"embeddable":true,"href":"https:\/\/kuhna-stiftung.org\/index.php\/wp-json\/wp\/v2\/users\/1"}],"replies":[{"embeddable":true,"href":"https:\/\/kuhna-stiftung.org\/index.php\/wp-json\/wp\/v2\/comments?post=267"}],"version-history":[{"count":2,"href":"https:\/\/kuhna-stiftung.org\/index.php\/wp-json\/wp\/v2\/pages\/267\/revisions"}],"predecessor-version":[{"id":346,"href":"https:\/\/kuhna-stiftung.org\/index.php\/wp-json\/wp\/v2\/pages\/267\/revisions\/346"}],"wp:attachment":[{"href":"https:\/\/kuhna-stiftung.org\/index.php\/wp-json\/wp\/v2\/media?parent=267"}],"curies":[{"name":"wp","href":"https:\/\/api.w.org\/{rel}","templated":true}]}}