{"id":308,"date":"2024-09-13T10:17:33","date_gmt":"2024-09-13T10:17:33","guid":{"rendered":"https:\/\/suspicious-lederberg.195-242-103-108.plesk.page\/?page_id=308"},"modified":"2024-10-16T17:02:40","modified_gmt":"2024-10-16T17:02:40","slug":"bibliografie","status":"publish","type":"page","link":"https:\/\/kuhna-stiftung.org\/index.php\/bibliografie\/","title":{"rendered":"Bibliografie"},"content":{"rendered":"\n<p>J\u00fcrgen Harten, Mille fleurs \u2013 du mal, in: Ausstellungsprospekt Stadt-Sparkasse D\u00fcsseldorf 1975 \u2028<br><br>Timm Ulrichs, Seh-Tests f\u00fcrs innere Auge. Einf\u00fchrung zur Ausstellung in der Stadt-Sparkasse D\u00fcsseldorf 1975 \u2028<br><br>J\u00fcrgen Harten, Hans Albert Peters, Katharina Schmidt, Surrealit\u00e4t-Bildrealit\u00e4t 1924-1974, Katalog St\u00e4dtische Kunsthalle D\u00fcsseldorf, Staatliche Kunst halle Baden-Baden 1975, S. 102-103 \u2028<br><br>Paul Pieper und G\u00fcnter Grote: von Arseniew, Isenrath, Keusen, Kuhna, Scheel, Tadeusz, Ulrichs, Zellmann, Katalog Westf\u00e4lisches Landesmuseum M\u00fcnster 1975 \u2028<br><br>Harald Szeemann, Beitr\u00e4ge zu einer Geschichte des Dekorativen und des Pattern im 20. Jahrhundert, in: du, Die Kunstzeitschrift 6\/1979, S. 63 \u2028<br><br>Wolfgang Becker, Das Ornament und Hermann Josef Kuhnas Bilder, in: Katalog Neue Galerie Sammlung Ludwig, Aachen 1980 \u2028<br><br>Heinrich Theissing, Hermann-Josef Kuhnas Bilder, in: Katalog Neue Galerie-Sammlung Ludwig, Aachen 1980 \u2028<br><br>Klaus J\u00fcrgen Fischer, Come-Back der Malerei?, in: Das Kunstwerk, 3 XXXIII 1980, S. 3-75 \u2028<br><br>Kaktus, Zeitschrift f\u00fcr Literatur, Nr. 12, M\u00fcnster 1980 (zahlr. Abb.) \u2028<br><br>Axel Hinrich Murken, Christa Murken-Altrogge, Gemusterte Tr\u00e4ume und weibliche Akte, Aspekte zum malerischen Werk Hermann-Josef Kuhnas von 1964 bis 1980, in: Kunstnachrichten, 17. Jg., Heft 4, Z\u00fcrich 1981, S. 85-91 und 108 \u2028<br><br>Eugen Thiemann, Hermann-Josef Kuhna, Bilder 1966-1981, Katalog Dortmund 1982; und in: Katalog Kunstverein f\u00fcr die Rheinlande und Westfalen, D\u00fcsseldorf 1986 \u2028<br><br>Christian Heinrich, in: Katalog Bilder 1966-1981, Dortmund 1982 \u2028<br><br>Eugen Thiemann, 96 K\u00fcnstler aus Westfalen, Katalog Westf\u00e4lisches Landesmuseum M\u00fcnster 1982, S. 117 \u2028<br><br>Katalog Verein M\u00fcnsteraner K\u00fcnstler zur gegenseitigen Unterst\u00fctzung 1979-1982, M\u00fcnster 1982, S. 22-24 \u2028<br><br>Eugen Thiemann, Die Sammlung Museum am Ostwall Dortmund, Kunst des 20. Jahrhunderts, Dortmund 1984, S. 117-120 \u2028<br><br>Christa Murken-Altrogge, Axel Hinrich Murken,\u2028in: Prozesse der Freiheit. Vom Expressionismus bis zur Soul and Body Art, Du Mont Buchverlag K\u00f6ln 1985, S. 297 \u2028<br><br>Karl-Heinz Hering, Hermann-Josef Kuhna \u2013 Bilder und Zeichnungen 1967-1986, Katalogvorwort Kunstverein f\u00fcr die Rheinlande und Westfalen, D\u00fcsseldorf 1986 \u2028<br><br>Axel Hinrich Murken, Eros und Vanitas. Eine Einf\u00fchrung in das malerische Werk von Hermann-Josef Kuhna, in: Katalog Kunstverein f\u00fcr die Rheinlande und Westfalen, D\u00fcsseldorf 1986 \u2028<br><br>Max Kobbert, Kunstpsychologie, Wissenschaftliche Buchgesellschaft Darmstadt, 1986, S. 129 und Tafel 25 \u2028<br><br>Antonio Trofa, Hermann-Josef Kuhna, Katalogvorwort (ital.) Museo del Torrione, Forio\/lschia 1988 \u2028<br><br>J\u00fcrgen Harten, Ausz\u00fcge (ital.) aus dem Text: Mille fleurs-du mal (1975) in: Katalog Museo del Torrione, Forio\/lschia 1988 \u2028<br><br>Karl-Heinz Hering, Ausz\u00fcge (ital.) aus dem Katalogvorwort (1986) in: Katalog Museo del Torrione, Forio\/lschia 1988 \u2028<br><br>Axel Hinrich Murken, Ausz\u00fcge (ital.) aus dem Text:\u2028Eros und Vanitas (1986) in: Katalog Museo del Torrione, Forio\/lschia 1988 \u2028<br><br>Timm Ulrichs, Ausz\u00fcge (ital.) aus dem Text: Sehtest f\u00fcrs innere Auge (1975) in: Katalog Museo del Torrione, Forio\/lschia 1988 \u2028<br><br>Eugen Thiemann, Ausz\u00fcge (ital.) aus dem Katalog text (1982 und 1986) in: Katalog Museo del Torrione, Forio\/lschia 1988 \u2028<br><br>Dorothea Eimert, Sammlung Murken. Zeitgen\u00f6ssische Malerei und Plastik, Katalog St\u00e4dtisches Kunstmuseum Bonn 1988, S. 62, 77 und 81 \u2028<br><br>Elke Bratke, Sammlung Murken. Zeitgen\u00f6ssische Malerei und Plastik, Katalog St\u00e4dtisches Kunstmuseum Bonn 1988, S. 60 \u2028<br><br>Rioja Kassimi, Sehtest f\u00fcrs innere Auge. Die z\u00f6libat\u00e4ren Visionen des Hermann-Josef Kuhna, in:\u2028apex \u2013 Ein Kunstmagazin, K\u00f6ln 1990, S. 162-167 \u2028<br><br>J\u00fcrgen Raap, Hermann-Josef Kuhna in der Galerie symbol, in: K\u00f6lner Skizzen (Herausgeber Dietmar Schneider), Heft 4, 1990, S. 18-19 \u2028<br><br>J\u00fcrgen Raap, Hermann-Josef Kuhna in der Galerie symbol, Kunst im Rheinland (Herausgeber Wolfgang Wangler), 2. Jg., 1990, S. 24 \u2028<br><br>Werner Alberg, K\u00fcnstler leben in D\u00fcsseldorf, Gruppello Verlag D\u00fcsseldorf 1991, S. 129-130 \u2028<br><br>Axel und Christel Murken, Von der Avantgarde bis zur Postmoderne. Die Malerei des 20. Jahrhunderts, M\u00fcnchen 1991, S. 290, 337 \u2028<br><br>Helga Meister, Galerie Niepel in: Gerald Just (Hrsg.) Just for Art, Galerien in Deutschland, Hannover 1993, S. 72-73 \u2028<br><br>Klaus Sebastian, CO10 Galerie, in: Gerald Just (Hrsg.), Just for Art, Galerien in Deutschland, Hannover 1993, S.72-73 \u2028<br><br>Klasse Hermann-Josef Kuhna, in: 12 x Akademie Katalog St\u00e4dtische Ausstellungshalle am Hawerkamp, Kiffe-Zentrum, M\u00fcnster, <br>Schriften der Kunstakademie M\u00fcnster (Hrsg.), 1993 \u2028<br><br>Heinz Peters, Katalogvorwort Bilder 1987-1993, Ratingen 1993, S. 5 \u2028<br><br>Ursula Mildner, Hermann-Josef Kuhna und die Logik der Malerei, in: Katalog Bilder 1987-1993, Ratingen 1993, S. 8-9 \u2028<br><br>Marie-Luise Otten, Malerei auf den Punkt gebracht, in: Katalog Bilder 1987-1993, Ratingen 1993, S. 10-12 \u2028<br><br>Martin Hildebrand, Die Zeit der bl\u00fchenden Kirschb\u00e4ume ist vorbei oder: Wenn die Pointe sich als Pointillismus tarnt, in: Katalog Kuhna, Bauer, Brock, Pech, Weckes, Ausstellung St\u00e4dtische Galerie Traun 1995, S. 6-7 \u2028<br><br>Manfred Schneckenburger, Pulsschlag, farbiger als das Blut, in: Unterwegs, Katalog Kunstakademie M\u00fcnster zu der Ausstellung Kunstakademie Dresden 1996, S. 67-68; Wiederabdruck in: Katalog Gelsenkirchen 1997 und Katalog Jakarta 1998 erweitert in: Katalog Jakarta\/Santiago de Chile 1998\u2028<br><br>Karl-Heinz Hering, Einige Worte zu Hermann-Josef Kuhna, in: Katalog Bilder 1993-1997, Gelsenkirchen 1997, S. 5 Wiederabdruck in: Katalog Jakarta\/ Santiago de Chile 1998 \u2028<br><br>Leane Sch\u00e4fer, Punkte\u2026, in: Katalog Bilder 1993 1997, Gelsenkirchen 1997, S. 8 \u2028<br><br>Thomas Hirsch, Buchst\u00e4bliche Ann\u00e4herungen, in: Katalog Bilder 1993-1997, Gelsenkirchen 1997, S.104 erweitert in: Katalog Jakarta\/Santiago de Chile 1998 \u2028<br><br>Niklaus Fritschi, Flu\u00dfraum und Farbraum, in: Katalog Bilder 1993-1997, Gelsenkirchen 1997, S. 110 Wiederabdruck in: Katalog Jakarta\/Santiago de Chile 1998 \u2028<br><br>Axel Hinrich Murken, Melancholie und Eros, in: Melancholie und Eros in der Kunst der Gegenwart, Wienand Verlag, K\u00f6ln 1998, S. 22-24 \u2028<br><br>Christa Murken: Die Liebe, die Trauer, die Zeit, in: Melancholie und Eros in der Kunst der Gegenwart, Wienand Verlag, K\u00f6ln 1998, S. 51 \u2028<br><br>Thomas Hirsch, The reality of colours, in: Ausstellungsprospekt Space 2324, Kuala Lumpur 1998 (Herausgeber: Gerhard Engelking) Wiederabdruck in: Katalog German Art of the 90\u2019s, Kuala Lumpur 1999 \u2028<br><br>Barbara Asboth, Hermann-Josef Kuhna in Indonesien, in: Katalog Goethe-lnstitut Jakarta 1998 \u2028<br><br>Thomas Hirsch, \u201eRivertime\u201c oder Das Abenteuer der Farbe, in: Passagen, Magazin f\u00fcr Kunst und Literatur, Heidelberg, 2\/1998, S. 40-41 \u2028<br><br>Thomas Hirsch, Ein leidenschaftlicher Analytiker, Die Malerei von Hermann-Josef Kuhna,\u2028 in: KUNSTzeit, Pulheim, 2\/1998, S. 12-17 \u2028<br><br>Gerhard Engelking, Colours of Inspiration,\u2028 in: Katalog Bilder 1993-1998, Jakarta\/Santiago de Chile 1998, S. 8 \u2028<br><br>Fikri Jufri, Gru\u00dfwort Katalog Bilder 1993-1998, Jakarta\/Santiago de Chile 1998, S. 8 \u2028<br><br>Rudolf Barth, Vorwort Katalog Bilder 1993-1998, Jakarta\/Santiago de Chile 1998, S. 9 \u2028<br><br>Francisco Brugnoli und Dieter Strauss, Begr\u00fc\u00dfungsworte Katalog Bilder 1993-1998, Jakarta\/ Santiago de Chile 1998, S. 9 \u2028<br><br>Thomas Hirsch, Eine Sekunde die Welt, in: Katalog Bilder 1993-1998, Jakarta\/Santiago de Chile 1998, S. 13 \u2028<br><br>Axel Murken, Landschaftsmalerei heute, in: Katalog Landschaftsmalerei, Aachen 1999, S. 15 \u2028<br><br>Marie-Luise Otten (Hrsg.), Von Dada bis Beuys,\u2028 30 Jahre Kunstverein f\u00fcr die Rheinlande und Westfalen mit Karl-Heinz Hering, Ratingen 1999, S. 119, 167, 217, 543 \u2028<br><br>C. Murken\/K. Weschenfelder\/B. Schad (Hrsg.), Kinder des 20. Jahrhunderts. Malerei, Skulptur, Fotografie, K\u00f6ln 2000, S. 19, 22 \u2028<br><br>Alf L\u00f6hr, Das Museum Doko, in: KUNSTzeit, Pulheim 2\/1999 S. 21-25<br><br>Wairah Marzuki, Kulturelle Grenzen \u00fcberwinden, in: Katalog Bilder 1990-2000 National Art Galerie Kuala Lumpur, S. 23 \u2028<br><br>Gerhard Engelking, Vorwort, in: Katalog Bilder 1990-2000, Kuala Lumpur 2000, S. 24<br><br>Choong Kam Kow, Autonomie der Farbe, in: Katalog Bilder 1990-2000, Kuala Lumpur 2000, S. 25 \u2028<br><br>Hartmut Kraft, Von der R\u00fcckseite betrachtet, in: Katalog Bilder l990-2000, Kuala Lumpur 2000, S. 28 \u2028<br><br>Thomas Hirsch, Mit allen Sinnen, in: Katalog Bilder 1990-2000 Kuala Lumpur 2000, S. 29 \u2028<br><br>Juliane Gr\u00fctzner, Table Top \u2013 Table Pop, in: design report, Stuttgart, 11\/2001, S. 60-61 \u2028<br><br>Hartmut Kraft, Kunst auf Rezept, Salon Verlag K\u00f6ln 2001, S. 216-217 \u2028<br><br>Maria Engels, Vorwort, in: Ausstellungskatalog Hermann-Josef-Kuhna, Kunst aus NRW, Ehemalige Reichsabtei Aachen-Kornelim\u00fcnster 2002, S. 1 \u2028<br><br>Axel Hinrich Murken, Resonanzen und Synergien, Zur Malerei Hermann-Josef Kuhnas in: Ausstellungskatalog Hermann-Josef Kuhna, Kunst aus NRW, Ehemalige Reichsabtei Aachen-Kornelim\u00fcnster 2002, S. 3 \u2028<br><br>Thomas Hirsch, Der Schmadribachfall\/ Einige Erinnerungen, in: Ausstellungskatalog Hermann-Josef Kuhna, Kunst aus NRW, Ehemalige Reichsabtei Aachen-Kornelim\u00fcnster 2002, S. 21 \u2028<br><br>Christiane Dressler, Ein Microkosmos aus Farbe oder die Synthese von Leidenschaft und Theorie, Die Malerei von Hermann-Josef Kuhna, in Pulheim, KUNSTzeit 1\/2002, S. 24-30 \u2028<br><br>Maria Engels, Hermann-Josef Kuhna \u201eEhemalige Reichsabtei Aachen-Kornelim\u00fcnster, in: K\u00f6lner Skizzen, K\u00f6ln, Heft 1\/2002, Herausgeber: Dietmar Schneider, S. 22 \u2028<br><br>Gerhard Heinrich Kock, Klasse Kuhna, Hier darf ein Bild prachtvoll sein, in: Kunstakademie M\u00fcnster, Klassen, Herausgeber: Westf\u00e4lische Nachrichten, Kunstakademie M\u00fcnster, 2002, S. 24, 25 \u2028<br><br>Dieter Strauss, Nebeneinander wird miteinander, in: Ausstellungskatalog Hermann-Josef Kuhna, tableaux 1967-2003, Goethe Institut Paris 2003, S. 9 \u2028<br><br>Manfred Schneckenburger, Pulsschl\u00e4ge der Farbe, in: Ausstellungskatalog Hermann-Josef Kuhna, tableaux 1967-2003, Goethe Institut Paris 2003, S. 10 \u2028<br><br>Ausstellungskatalog der Kunstakademie M\u00fcnster: Freundschaftsspiel, Tophane-i-Amire Kulturzentrum, Istanbul 2004, (ohne Seitenzahl) \u2028<br><br>Katalog Gro\u00dfe D\u00fcsseldorfer Kunstausstellung 2004, Abb. 88 \u2028<br><br>Erich Franz, Zwischen den Bildern, Ausstellungs katalog \u201eZwischen T\u00fcr und Angel\u201c Landesmuseum M\u00fcnster, 2005, S. 26 \u2028<br><br>Graphische Sammlung der Kunstakademie M\u00fcnster, Ausstellungskatalog Anadolu \u00dcniverstesi, Eskisehir, T\u00fcrkei, 2005, S. 16 \u2028<br><br>Klaus Berner: Vorwort, Ausstellungskatalog Kunstverein Salzgitter, 2005, S. 3 \u2028<br><br>Manfred Schneckenburger: Ausstellungskatalog Kunstverein Salzgitter 2005, \u201ePulsschlag, farbiger als das Blut\u201c, S. 9-11 \u2028<br><br>Christoph Wagner: Ausstellungskatalog Kunstverein Salzgitter 2005, \u201eZwischen Medialisierung und Dekonstrukti on \u2013 Erotik als Thema in der Malerei von Hermann Josef Kuhna\u201c, S. 26-27 \u2028<br><br>Claudia Sch\u00e4fer: Ausstellungskatalog cubus kunsthalle Duisburg, 2006, Vorwort \u2028<br><br>Manfred Schneckenburger: Ausstellungskatalog cubus kunsthalle Duisburg, 2006, \u201ePulsschlag, farbiger als das Blut\u201c, S. 5-7 \u2028<br><br>Willi Kemp: Ausstellungskatalog cubus kunsthalle Duisburg, 2006 \u201eGesetzte Farbe \u2013 Malerei im Kuhnakarium\u201c \u2028<br><br>Marie Luise Otten: Ausstellungskatalog Museum der Stadt Ratingen, 2006 \u201eSammlung Ingrid und Willi Kemp\u201c, Vorwort, S. 16, Abb. S. 97 \u2028<br><br>Dieter Strauss: Ausstellungskatalog Hermann-Josef Kuhna, Ludwigmuseum im Deutschherrenhaus Koblenz, 2006, \u201eStrukturelle Malerei f\u00fcr Marokko? Kuhna nach Marokko?\u201c S. 9 \u2028<br><br>Willi Kemp: Ausstellungskatalog Hermann-Josef Kuhna, Ludwigmuseum im Deutschherrenhaus Koblenz, 2006, \u201eGesetzte Farbe. Malerei im Kuhnakarium\u201c, S. 25-36 \u2028<br><br>Prof. Dr. Klaus St\u00e4hler: Ausstellungskatalog Hermann-Josef Kuhna, Ludwigmuseum im Deutschherrenhaus Koblenz, 2006, \u201eWelche Rhythmus die Menschen umschlossen h\u00e4lt\u201c, S. 49-52 \u2028<br><br>Prof. Dr. Christoph Wagner: Ausstellungskata-\u2028log Hermann-Josef Kuhna, Ludwigmuseum im Deutschherrenhaus Koblenz, 2006, \u201eHermann-Josef Kuhna: Strukturelle Malerei zwischen Farbtextur 99 und Sehexperiment\u201c, S. 57-59 \u2028<br><br>Dr. Beate Reifenscheidt: Ausstellungskatalog Hermann-Josef Kuhna, Ludwigmuseum im Deutschherrenhaus Koblenz, 2006, \u201eHermann-Josef Kuhna. Vom Anbeginn\u201c, S. 75-79 \u2028<br><br>J\u00fcrgen Raap in: Kunstforum International, Band 183\/2006, S. 343 f.: Hermann-Josef Kuhna: \u201eVom Anbeginn\u201c, Museum Ludwig im Deutschherrenhaus, Koblenz. \u2028<br><br>1967 \u2013 2007 40 Jahre Galerie Steinr\u00f6tter, M\u00fcnster. Verlag Galerie Steinr\u00f6tter, M\u00fcnster 2007, Abb. S. 52 und Originalgrafik im Schuber. \u2028<br><br>Kunstsammlung WGZ Bank herausgegeben von Ralf Hartweg, D\u00fcsseldorf 2007: Prof. Dr. Dr. Manfred Schneckenburger: Hermann-Josef Kuhna. S. 72. \u2028<br><br>Dr. Beate Reifenscheidt: Ausstellungskatalog Begegnung mit Hermann-Josef Kuhna, Ausstellung in den ehemaligen Ausstellungsr\u00e4umen von Professor Gerhard Hoehme in Neuss, Gut Selikum 2008, \u201eDie Ph\u00e4nomenologie der Farben bei Hermann-Josef Kuhna\u201c, S. 9-11 \u2028<br><br><a href=\"https:\/\/kuhna-stiftung.org\/index.php\/gesetzte-farbe-malerei-im-kuhnakarium\/\" data-type=\"page\" data-id=\"273\">Willi Kemp: Ausstellungskatalog Begegnung mit Hermann-Josef Kuhna, Gut Selikum 2008, \u201eGesetzte Farbe. Malerei im Kuhnakarium\u201c, S 13-19<\/a> \u2028<br><br>Dr. med. Hartmut Kraft: Deutsches \u00c4rzteblatt f\u00fcr Psychologische Psychotherapeuten und Kinder und Jugendlichenpsychotherapeuten 5\/2009, \u201eHermann-Josef Kuhna, Kreativer Prozess\u201c \u2028<br><br>Frank Bartsch: Ausstellungskatalog zur Ausstellung Hermann-Josef Kuhna DOUBLETAKE, St\u00e4dtische Galerie Lippstadt, 2009, \u201eVorwort\u201c, S. 9 \u2028<br><br>Andreas Moersener: Ausstellungskatalog zur Ausstellung Hermann-Josef Kuhna DOUBLETAKE, St\u00e4dtische Galerie Lippstadt, 2009, \u201eHermann-Josef Kuhna Malerei\u201c, S. 7-8 \u2028<br><br><a href=\"https:\/\/kuhna-stiftung.org\/index.php\/jenseits-der-abstraktion\/\" data-type=\"page\" data-id=\"276\">Prof. Dr. David Galloway: Ausstellungskatalog zur Ausstellung Hermann-Josef Kuhna DOUBLETAKE, St\u00e4dtische Galerie Lippstadt, 2009, \u201eJenseits der Abstraktion: Zu den j\u00fcngsten Arbeiten Hermann Josef Kuhnas, S. 17-21<\/a> \u2028<br><br><a href=\"https:\/\/kuhna-stiftung.org\/index.php\/die-zu-ende-befreite-farbe\/\" data-type=\"page\" data-id=\"279\">Prof. Dr. Manfred Schneckenburger: Ausstellungskatalog zur Ausstellung Hermann-Josef Kuhna DOUBLETAKE, St\u00e4dtische Galerie Lippstadt, 2009, \u201eDie zu Ende befreite Farbe\u201c, S. 11-16<\/a> \u2028<br><br><a href=\"https:\/\/kuhna-stiftung.org\/index.php\/der-klang-der-bilder\/\" data-type=\"page\" data-id=\"285\">Prof. Dr. David Galloway in \u201eDer H\u00e4ndel Zyklus\u201c, 2014: Der Klang der Bilder, S. 6-14<\/a><br><br>Prof. Dr. Manfred Schneckenburger in \u201eDer H\u00e4ndel Zyklus\u201c, 2014: Ton-in-Ton und andere T\u00f6ne, S. 18-19 \u2028<br><br>Angela Cerny: Katalog Hermann-Josef Kuhna Strukturelle Malerei von 2010 bis 2016, Vorwort: Initiation, S. 7\u2028<br><br><a href=\"https:\/\/kuhna-stiftung.org\/index.php\/punkt-ohne-linie-zur-flaeche\/\" data-type=\"page\" data-id=\"305\">Kay Heymer: Katalog Hermann-Josef Kuhna Strukturelle Malerei von 2010 bis 2016, \u201eHermann-Josef Kuhna Punkt ohne Linie zur Fl\u00e4che\u201c, S. 9<\/a><\/p>\n\n\n\n<p><\/p>\n","protected":false},"excerpt":{"rendered":"<p>J\u00fcrgen Harten, Mille fleurs \u2013 du mal, in: Ausstellungsprospekt Stadt-Sparkasse D\u00fcsseldorf 1975 \u2028 Timm Ulrichs, Seh-Tests f\u00fcrs innere Auge. Einf\u00fchrung zur Ausstellung in der Stadt-Sparkasse D\u00fcsseldorf 1975 \u2028 J\u00fcrgen Harten, Hans Albert Peters, Katharina Schmidt, Surrealit\u00e4t-Bildrealit\u00e4t 1924-1974, Katalog St\u00e4dtische Kunsthalle &hellip;<\/p>\n<p class=\"read-more\"> <a class=\"more-link\" href=\"https:\/\/kuhna-stiftung.org\/index.php\/bibliografie\/\"> <span class=\"screen-reader-text\">Bibliografie<\/span> Weiterlesen &raquo;<\/a><\/p>\n","protected":false},"author":1,"featured_media":0,"parent":0,"menu_order":0,"comment_status":"closed","ping_status":"closed","template":"","meta":{"footnotes":""},"class_list":["post-308","page","type-page","status-publish","hentry"],"_links":{"self":[{"href":"https:\/\/kuhna-stiftung.org\/index.php\/wp-json\/wp\/v2\/pages\/308","targetHints":{"allow":["GET"]}}],"collection":[{"href":"https:\/\/kuhna-stiftung.org\/index.php\/wp-json\/wp\/v2\/pages"}],"about":[{"href":"https:\/\/kuhna-stiftung.org\/index.php\/wp-json\/wp\/v2\/types\/page"}],"author":[{"embeddable":true,"href":"https:\/\/kuhna-stiftung.org\/index.php\/wp-json\/wp\/v2\/users\/1"}],"replies":[{"embeddable":true,"href":"https:\/\/kuhna-stiftung.org\/index.php\/wp-json\/wp\/v2\/comments?post=308"}],"version-history":[{"count":8,"href":"https:\/\/kuhna-stiftung.org\/index.php\/wp-json\/wp\/v2\/pages\/308\/revisions"}],"predecessor-version":[{"id":374,"href":"https:\/\/kuhna-stiftung.org\/index.php\/wp-json\/wp\/v2\/pages\/308\/revisions\/374"}],"wp:attachment":[{"href":"https:\/\/kuhna-stiftung.org\/index.php\/wp-json\/wp\/v2\/media?parent=308"}],"curies":[{"name":"wp","href":"https:\/\/api.w.org\/{rel}","templated":true}]}}